{"id":1229,"date":"2024-05-28T11:41:15","date_gmt":"2024-05-28T09:41:15","guid":{"rendered":"https:\/\/jifunze.tips\/?page_id=1229"},"modified":"2025-05-02T00:54:21","modified_gmt":"2025-05-01T22:54:21","slug":"destination","status":"publish","type":"page","link":"https:\/\/ciusatourism.com\/index.php\/destination\/","title":{"rendered":"Destinations"},"content":{"rendered":"\t\t<div data-elementor-type=\"wp-page\" data-elementor-id=\"1229\" class=\"elementor elementor-1229\">\n\t\t\t\t<div class=\"elementor-element elementor-element-ffa677e e-flex e-con-boxed e-con e-parent\" data-id=\"ffa677e\" data-element_type=\"container\" data-e-type=\"container\" data-settings=\"{&quot;background_background&quot;:&quot;classic&quot;}\">\n\t\t\t\t\t<div class=\"e-con-inner\">\n\t\t<div class=\"elementor-element elementor-element-d0ae20c e-con-full e-flex e-con e-child\" data-id=\"d0ae20c\" data-element_type=\"container\" data-e-type=\"container\">\n\t\t\t\t<div class=\"elementor-element elementor-element-bccfbd1 exad-sticky-section-no exad-glass-effect-no elementor-widget elementor-widget-image\" data-id=\"bccfbd1\" data-element_type=\"widget\" data-e-type=\"widget\" data-widget_type=\"image.default\">\n\t\t\t\t<div class=\"elementor-widget-container\">\n\t\t\t\t\t\t\t\t\t\t\t\t\t\t\t<img decoding=\"async\" src=\"https:\/\/ciusatourism.com\/wp-content\/plugins\/exclusive-addons-for-elementor\/assets\/img\/placeholder.png\" title=\"\" alt=\"\" loading=\"lazy\" \/>\t\t\t\t\t\t\t\t\t\t\t\t\t\t\t<\/div>\n\t\t\t\t<\/div>\n\t\t\t\t<\/div>\n\t\t<div class=\"elementor-element elementor-element-8b97714 e-con-full e-flex e-con e-child\" data-id=\"8b97714\" data-element_type=\"container\" data-e-type=\"container\">\n\t\t<div class=\"elementor-element elementor-element-b640e7d e-con-full e-flex e-con e-child\" data-id=\"b640e7d\" data-element_type=\"container\" data-e-type=\"container\">\n\t\t\t\t<div class=\"elementor-element elementor-element-c2ed6bf exad-sticky-section-no exad-glass-effect-no elementor-widget elementor-widget-heading\" data-id=\"c2ed6bf\" data-element_type=\"widget\" data-e-type=\"widget\" data-widget_type=\"heading.default\">\n\t\t\t\t<div class=\"elementor-widget-container\">\n\t\t\t\t\t<h2 class=\"elementor-heading-title elementor-size-default\">Adventure &amp; Ecotourism\n<\/h2>\t\t\t\t<\/div>\n\t\t\t\t<\/div>\n\t\t\t\t<div class=\"elementor-element elementor-element-e67cc12 elementor-widget-divider--view-line exad-sticky-section-no exad-glass-effect-no elementor-widget elementor-widget-divider\" data-id=\"e67cc12\" data-element_type=\"widget\" data-e-type=\"widget\" data-widget_type=\"divider.default\">\n\t\t\t\t<div class=\"elementor-widget-container\">\n\t\t\t\t\t\t\t<div class=\"elementor-divider\">\n\t\t\t<span class=\"elementor-divider-separator\">\n\t\t\t\t\t\t<\/span>\n\t\t<\/div>\n\t\t\t\t\t\t<\/div>\n\t\t\t\t<\/div>\n\t\t\t\t<\/div>\n\t\t\t\t<div class=\"elementor-element elementor-element-545a1ee elementor-widget__width-initial exad-sticky-section-no exad-glass-effect-no elementor-widget elementor-widget-text-editor\" data-id=\"545a1ee\" data-element_type=\"widget\" data-e-type=\"widget\" data-widget_type=\"text-editor.default\">\n\t\t\t\t<div class=\"elementor-widget-container\">\n\t\t\t\t\t\t\t\t\tIvory Coast is one of the best tourist destinations in Africa. It offers several impressive seaside resorts.\n\n \n\nIt is endowed with 515 km of maritime coastline and has beautiful beaches lined with coconut trees, washed by the blue waters of the Atlantic Ocean with about 300 000 hectares of lagoon water.\n\n \n\nBeach tourism is well developed in Ivory Coast and many marinas (beachfront hotels) are available.\t\t\t\t\t\t\t\t<\/div>\n\t\t\t\t<\/div>\n\t\t\t\t<div class=\"elementor-element elementor-element-e422a4a elementor-align-left exad-sticky-section-no exad-glass-effect-no elementor-widget elementor-widget-button\" data-id=\"e422a4a\" data-element_type=\"widget\" data-e-type=\"widget\" data-widget_type=\"button.default\">\n\t\t\t\t<div class=\"elementor-widget-container\">\n\t\t\t\t\t\t\t\t\t<div class=\"elementor-button-wrapper\">\n\t\t\t\t\t<a class=\"elementor-button elementor-button-link elementor-size-sm\" href=\"https:\/\/ciusatourism.com\/index.php\/contact\/\">\n\t\t\t\t\t\t<span class=\"elementor-button-content-wrapper\">\n\t\t\t\t\t\t<span class=\"elementor-button-icon\">\n\t\t\t\t<svg aria-hidden=\"true\" class=\"e-font-icon-svg e-far-arrow-alt-circle-right\" viewBox=\"0 0 512 512\" xmlns=\"http:\/\/www.w3.org\/2000\/svg\"><path d=\"M504 256C504 119 393 8 256 8S8 119 8 256s111 248 248 248 248-111 248-248zm-448 0c0-110.5 89.5-200 200-200s200 89.5 200 200-89.5 200-200 200S56 366.5 56 256zm72 20v-40c0-6.6 5.4-12 12-12h116v-67c0-10.7 12.9-16 20.5-8.5l99 99c4.7 4.7 4.7 12.3 0 17l-99 99c-7.6 7.6-20.5 2.2-20.5-8.5v-67H140c-6.6 0-12-5.4-12-12z\"><\/path><\/svg>\t\t\t<\/span>\n\t\t\t\t\t\t\t\t\t<span class=\"elementor-button-text\">Contactez-nous<\/span>\n\t\t\t\t\t<\/span>\n\t\t\t\t\t<\/a>\n\t\t\t\t<\/div>\n\t\t\t\t\t\t\t\t<\/div>\n\t\t\t\t<\/div>\n\t\t\t\t<\/div>\n\t\t\t\t\t<\/div>\n\t\t\t\t<\/div>\n\t\t<div class=\"elementor-element elementor-element-8d20183 e-flex e-con-boxed e-con e-parent\" data-id=\"8d20183\" data-element_type=\"container\" data-e-type=\"container\" data-settings=\"{&quot;background_background&quot;:&quot;classic&quot;}\">\n\t\t\t\t\t<div class=\"e-con-inner\">\n\t\t<div class=\"elementor-element elementor-element-9381daf e-con-full e-flex e-con e-child\" data-id=\"9381daf\" data-element_type=\"container\" data-e-type=\"container\">\n\t\t<div class=\"elementor-element elementor-element-ebf793e e-flex e-con-boxed e-con e-child\" data-id=\"ebf793e\" data-element_type=\"container\" data-e-type=\"container\">\n\t\t\t\t\t<div class=\"e-con-inner\">\n\t\t<div class=\"elementor-element elementor-element-618d9c3 e-con-full e-flex e-con e-child\" data-id=\"618d9c3\" data-element_type=\"container\" data-e-type=\"container\">\n\t\t\t\t<div class=\"elementor-element elementor-element-0a8f310 exad-sticky-section-no exad-glass-effect-no elementor-widget elementor-widget-heading\" data-id=\"0a8f310\" data-element_type=\"widget\" data-e-type=\"widget\" data-widget_type=\"heading.default\">\n\t\t\t\t<div class=\"elementor-widget-container\">\n\t\t\t\t\t<h2 class=\"elementor-heading-title elementor-size-default\">Cultural Trips\n<\/h2>\t\t\t\t<\/div>\n\t\t\t\t<\/div>\n\t\t\t\t<div class=\"elementor-element elementor-element-747f803 elementor-widget-divider--view-line exad-sticky-section-no exad-glass-effect-no elementor-widget elementor-widget-divider\" data-id=\"747f803\" data-element_type=\"widget\" data-e-type=\"widget\" data-widget_type=\"divider.default\">\n\t\t\t\t<div class=\"elementor-widget-container\">\n\t\t\t\t\t\t\t<div class=\"elementor-divider\">\n\t\t\t<span class=\"elementor-divider-separator\">\n\t\t\t\t\t\t<\/span>\n\t\t<\/div>\n\t\t\t\t\t\t<\/div>\n\t\t\t\t<\/div>\n\t\t\t\t<\/div>\n\t\t\t\t<div class=\"elementor-element elementor-element-a045cbb elementor-widget__width-initial exad-sticky-section-no exad-glass-effect-no elementor-widget elementor-widget-text-editor\" data-id=\"a045cbb\" data-element_type=\"widget\" data-e-type=\"widget\" data-widget_type=\"text-editor.default\">\n\t\t\t\t<div class=\"elementor-widget-container\">\n\t\t\t\t\t\t\t\t\tIvory Coast has a rich cultural heritage with more than sixty ethnic groups, the Baoul\u00e9, the B\u00e9t\u00e9, Gouro or the Dioula can be cited as examples of ethnic groups found in the country.\n\n \n\nThey can be divided into four main groups: Akan, Gour, Krou, and Mand\u00e9. Geographically, the Akran group can be found in the South-Eastern corner of the country, the Gour mostly in the North-East, the Krou in the South-Center\/South-West, and the Mand\u00e9 in the North-West to North-Center part of the country.\n\n\t\t\t\t\t\t\t\t<\/div>\n\t\t\t\t<\/div>\n\t\t\t\t<div class=\"elementor-element elementor-element-d293680 elementor-align-left exad-sticky-section-no exad-glass-effect-no elementor-widget elementor-widget-button\" data-id=\"d293680\" data-element_type=\"widget\" data-e-type=\"widget\" data-widget_type=\"button.default\">\n\t\t\t\t<div class=\"elementor-widget-container\">\n\t\t\t\t\t\t\t\t\t<div class=\"elementor-button-wrapper\">\n\t\t\t\t\t<a class=\"elementor-button elementor-button-link elementor-size-sm\" href=\"https:\/\/ciusatourism.com\/index.php\/contact\/\">\n\t\t\t\t\t\t<span class=\"elementor-button-content-wrapper\">\n\t\t\t\t\t\t<span class=\"elementor-button-icon\">\n\t\t\t\t<svg aria-hidden=\"true\" class=\"e-font-icon-svg e-far-arrow-alt-circle-right\" viewBox=\"0 0 512 512\" xmlns=\"http:\/\/www.w3.org\/2000\/svg\"><path d=\"M504 256C504 119 393 8 256 8S8 119 8 256s111 248 248 248 248-111 248-248zm-448 0c0-110.5 89.5-200 200-200s200 89.5 200 200-89.5 200-200 200S56 366.5 56 256zm72 20v-40c0-6.6 5.4-12 12-12h116v-67c0-10.7 12.9-16 20.5-8.5l99 99c4.7 4.7 4.7 12.3 0 17l-99 99c-7.6 7.6-20.5 2.2-20.5-8.5v-67H140c-6.6 0-12-5.4-12-12z\"><\/path><\/svg>\t\t\t<\/span>\n\t\t\t\t\t\t\t\t\t<span class=\"elementor-button-text\">Contactez-nous<\/span>\n\t\t\t\t\t<\/span>\n\t\t\t\t\t<\/a>\n\t\t\t\t<\/div>\n\t\t\t\t\t\t\t\t<\/div>\n\t\t\t\t<\/div>\n\t\t\t\t\t<\/div>\n\t\t\t\t<\/div>\n\t\t\t\t<\/div>\n\t\t<div class=\"elementor-element elementor-element-51ad404 e-con-full e-flex e-con e-child\" data-id=\"51ad404\" data-element_type=\"container\" data-e-type=\"container\">\n\t\t\t\t<div class=\"elementor-element elementor-element-f10c62e exad-sticky-section-no exad-glass-effect-no elementor-widget elementor-widget-image\" data-id=\"f10c62e\" data-element_type=\"widget\" data-e-type=\"widget\" data-widget_type=\"image.default\">\n\t\t\t\t<div class=\"elementor-widget-container\">\n\t\t\t\t\t\t\t\t\t\t\t\t\t\t\t<img decoding=\"async\" src=\"https:\/\/ciusatourism.com\/wp-content\/plugins\/exclusive-addons-for-elementor\/assets\/img\/placeholder.png\" title=\"\" alt=\"\" loading=\"lazy\" \/>\t\t\t\t\t\t\t\t\t\t\t\t\t\t\t<\/div>\n\t\t\t\t<\/div>\n\t\t\t\t<\/div>\n\t\t\t\t\t<\/div>\n\t\t\t\t<\/div>\n\t\t\t\t<\/div>\n\t\t","protected":false},"excerpt":{"rendered":"<p>Adventure &#038; Ecotourism Ivory Coast is one of the best tourist destinations in Africa. It offers several impressive seaside resorts. It is endowed with 515 km of maritime coastline and has beautiful beaches lined with coconut trees, washed by the blue waters of the Atlantic Ocean with about 300 000 hectares of lagoon water. Beach [&hellip;]<\/p>\n","protected":false},"author":1,"featured_media":0,"parent":0,"menu_order":0,"comment_status":"closed","ping_status":"closed","template":"","meta":{"footnotes":""},"class_list":["post-1229","page","type-page","status-publish","hentry"],"acf":[],"yoast_head":"<!-- This site is optimized with the Yoast SEO plugin v27.4 - https:\/\/yoast.com\/product\/yoast-seo-wordpress\/ -->\n<title>Destinations - ciusatourism<\/title>\n<meta name=\"robots\" content=\"noindex, follow, max-snippet:-1, max-image-preview:large, max-video-preview:-1\" \/>\n<meta property=\"og:locale\" content=\"fr_FR\" \/>\n<meta property=\"og:type\" content=\"article\" \/>\n<meta property=\"og:title\" content=\"Destinations - ciusatourism\" \/>\n<meta property=\"og:description\" content=\"Adventure &#038; Ecotourism Ivory Coast is one of the best tourist destinations in Africa. It offers several impressive seaside resorts. It is endowed with 515 km of maritime coastline and has beautiful beaches lined with coconut trees, washed by the blue waters of the Atlantic Ocean with about 300 000 hectares of lagoon water. Beach [&hellip;]\" \/>\n<meta property=\"og:url\" content=\"https:\/\/ciusatourism.com\/index.php\/destination\/\" \/>\n<meta property=\"og:site_name\" content=\"ciusatourism\" \/>\n<meta property=\"article:modified_time\" content=\"2025-05-01T22:54:21+00:00\" \/>\n<meta property=\"og:image\" content=\"https:\/\/ciusatourism.com\/wp-content\/plugins\/exclusive-addons-for-elementor\/assets\/img\/placeholder.png\" \/>\n<meta name=\"twitter:card\" content=\"summary_large_image\" \/>\n<meta name=\"twitter:label1\" content=\"Dur\u00e9e de lecture estim\u00e9e\" \/>\n\t<meta name=\"twitter:data1\" content=\"2 minutes\" \/>\n<script type=\"application\/ld+json\" class=\"yoast-schema-graph\">{\"@context\":\"https:\\\/\\\/schema.org\",\"@graph\":[{\"@type\":\"WebPage\",\"@id\":\"https:\\\/\\\/ciusatourism.com\\\/index.php\\\/destination\\\/\",\"url\":\"https:\\\/\\\/ciusatourism.com\\\/index.php\\\/destination\\\/\",\"name\":\"Destinations - ciusatourism\",\"isPartOf\":{\"@id\":\"https:\\\/\\\/ciusatourism.com\\\/#website\"},\"primaryImageOfPage\":{\"@id\":\"https:\\\/\\\/ciusatourism.com\\\/index.php\\\/destination\\\/#primaryimage\"},\"image\":{\"@id\":\"https:\\\/\\\/ciusatourism.com\\\/index.php\\\/destination\\\/#primaryimage\"},\"thumbnailUrl\":\"https:\\\/\\\/ciusatourism.com\\\/wp-content\\\/plugins\\\/exclusive-addons-for-elementor\\\/assets\\\/img\\\/placeholder.png\",\"datePublished\":\"2024-05-28T09:41:15+00:00\",\"dateModified\":\"2025-05-01T22:54:21+00:00\",\"breadcrumb\":{\"@id\":\"https:\\\/\\\/ciusatourism.com\\\/index.php\\\/destination\\\/#breadcrumb\"},\"inLanguage\":\"fr-FR\",\"potentialAction\":[{\"@type\":\"ReadAction\",\"target\":[\"https:\\\/\\\/ciusatourism.com\\\/index.php\\\/destination\\\/\"]}]},{\"@type\":\"ImageObject\",\"inLanguage\":\"fr-FR\",\"@id\":\"https:\\\/\\\/ciusatourism.com\\\/index.php\\\/destination\\\/#primaryimage\",\"url\":\"https:\\\/\\\/ciusatourism.com\\\/wp-content\\\/plugins\\\/exclusive-addons-for-elementor\\\/assets\\\/img\\\/placeholder.png\",\"contentUrl\":\"https:\\\/\\\/ciusatourism.com\\\/wp-content\\\/plugins\\\/exclusive-addons-for-elementor\\\/assets\\\/img\\\/placeholder.png\"},{\"@type\":\"BreadcrumbList\",\"@id\":\"https:\\\/\\\/ciusatourism.com\\\/index.php\\\/destination\\\/#breadcrumb\",\"itemListElement\":[{\"@type\":\"ListItem\",\"position\":1,\"name\":\"Accueil\",\"item\":\"https:\\\/\\\/ciusatourism.com\\\/\"},{\"@type\":\"ListItem\",\"position\":2,\"name\":\"Destinations\"}]},{\"@type\":\"WebSite\",\"@id\":\"https:\\\/\\\/ciusatourism.com\\\/#website\",\"url\":\"https:\\\/\\\/ciusatourism.com\\\/\",\"name\":\"ciusatourism\",\"description\":\"IVOIRE TRIPS\",\"potentialAction\":[{\"@type\":\"SearchAction\",\"target\":{\"@type\":\"EntryPoint\",\"urlTemplate\":\"https:\\\/\\\/ciusatourism.com\\\/?s={search_term_string}\"},\"query-input\":{\"@type\":\"PropertyValueSpecification\",\"valueRequired\":true,\"valueName\":\"search_term_string\"}}],\"inLanguage\":\"fr-FR\"}]}<\/script>\n<!-- \/ Yoast SEO plugin. -->","yoast_head_json":{"title":"Destinations - ciusatourism","robots":{"index":"noindex","follow":"follow","max-snippet":"max-snippet:-1","max-image-preview":"max-image-preview:large","max-video-preview":"max-video-preview:-1"},"og_locale":"fr_FR","og_type":"article","og_title":"Destinations - ciusatourism","og_description":"Adventure &#038; Ecotourism Ivory Coast is one of the best tourist destinations in Africa. It offers several impressive seaside resorts. It is endowed with 515 km of maritime coastline and has beautiful beaches lined with coconut trees, washed by the blue waters of the Atlantic Ocean with about 300 000 hectares of lagoon water. Beach [&hellip;]","og_url":"https:\/\/ciusatourism.com\/index.php\/destination\/","og_site_name":"ciusatourism","article_modified_time":"2025-05-01T22:54:21+00:00","og_image":[{"url":"https:\/\/ciusatourism.com\/wp-content\/plugins\/exclusive-addons-for-elementor\/assets\/img\/placeholder.png","type":"","width":"","height":""}],"twitter_card":"summary_large_image","twitter_misc":{"Dur\u00e9e de lecture estim\u00e9e":"2 minutes"},"schema":{"@context":"https:\/\/schema.org","@graph":[{"@type":"WebPage","@id":"https:\/\/ciusatourism.com\/index.php\/destination\/","url":"https:\/\/ciusatourism.com\/index.php\/destination\/","name":"Destinations - ciusatourism","isPartOf":{"@id":"https:\/\/ciusatourism.com\/#website"},"primaryImageOfPage":{"@id":"https:\/\/ciusatourism.com\/index.php\/destination\/#primaryimage"},"image":{"@id":"https:\/\/ciusatourism.com\/index.php\/destination\/#primaryimage"},"thumbnailUrl":"https:\/\/ciusatourism.com\/wp-content\/plugins\/exclusive-addons-for-elementor\/assets\/img\/placeholder.png","datePublished":"2024-05-28T09:41:15+00:00","dateModified":"2025-05-01T22:54:21+00:00","breadcrumb":{"@id":"https:\/\/ciusatourism.com\/index.php\/destination\/#breadcrumb"},"inLanguage":"fr-FR","potentialAction":[{"@type":"ReadAction","target":["https:\/\/ciusatourism.com\/index.php\/destination\/"]}]},{"@type":"ImageObject","inLanguage":"fr-FR","@id":"https:\/\/ciusatourism.com\/index.php\/destination\/#primaryimage","url":"https:\/\/ciusatourism.com\/wp-content\/plugins\/exclusive-addons-for-elementor\/assets\/img\/placeholder.png","contentUrl":"https:\/\/ciusatourism.com\/wp-content\/plugins\/exclusive-addons-for-elementor\/assets\/img\/placeholder.png"},{"@type":"BreadcrumbList","@id":"https:\/\/ciusatourism.com\/index.php\/destination\/#breadcrumb","itemListElement":[{"@type":"ListItem","position":1,"name":"Accueil","item":"https:\/\/ciusatourism.com\/"},{"@type":"ListItem","position":2,"name":"Destinations"}]},{"@type":"WebSite","@id":"https:\/\/ciusatourism.com\/#website","url":"https:\/\/ciusatourism.com\/","name":"ciusatourism","description":"IVOIRE TRIPS","potentialAction":[{"@type":"SearchAction","target":{"@type":"EntryPoint","urlTemplate":"https:\/\/ciusatourism.com\/?s={search_term_string}"},"query-input":{"@type":"PropertyValueSpecification","valueRequired":true,"valueName":"search_term_string"}}],"inLanguage":"fr-FR"}]}},"_links":{"self":[{"href":"https:\/\/ciusatourism.com\/index.php\/wp-json\/wp\/v2\/pages\/1229","targetHints":{"allow":["GET"]}}],"collection":[{"href":"https:\/\/ciusatourism.com\/index.php\/wp-json\/wp\/v2\/pages"}],"about":[{"href":"https:\/\/ciusatourism.com\/index.php\/wp-json\/wp\/v2\/types\/page"}],"author":[{"embeddable":true,"href":"https:\/\/ciusatourism.com\/index.php\/wp-json\/wp\/v2\/users\/1"}],"replies":[{"embeddable":true,"href":"https:\/\/ciusatourism.com\/index.php\/wp-json\/wp\/v2\/comments?post=1229"}],"version-history":[{"count":15,"href":"https:\/\/ciusatourism.com\/index.php\/wp-json\/wp\/v2\/pages\/1229\/revisions"}],"predecessor-version":[{"id":3602,"href":"https:\/\/ciusatourism.com\/index.php\/wp-json\/wp\/v2\/pages\/1229\/revisions\/3602"}],"wp:attachment":[{"href":"https:\/\/ciusatourism.com\/index.php\/wp-json\/wp\/v2\/media?parent=1229"}],"curies":[{"name":"wp","href":"https:\/\/api.w.org\/{rel}","templated":true}]}}